{"id":2,"date":"2025-12-06T01:04:33","date_gmt":"2025-12-06T04:04:33","guid":{"rendered":"http:\/\/taipe.test\/cms\/?page_id=2"},"modified":"2026-01-21T21:31:23","modified_gmt":"2026-01-22T00:31:23","slug":"home","status":"publish","type":"page","link":"https:\/\/www.trancosotaipe.com\/en\/","title":{"rendered":"Home"},"content":{"rendered":"<p>This is an example page. It's different from a blog post because it will stay in one place and appear in your site's navigation in most themes. Many people start with a page that introduces them to potential site visitors. It might say something like this:<\/p>\n\n\n\n<blockquote class=\"wp-block-quote is-layout-flow wp-block-quote-is-layout-flow\">\n\n<p>Hi, I'm a bike messenger by day, aspiring actor by night, and this is my website. I live in S\u00e3o Paulo, have a big dog called Rex and like to drink caipirinha (and rain baths).<\/p>\n\n<\/blockquote>\n\n\n\n<p>or something like that:<\/p>\n\n\n\n<blockquote class=\"wp-block-quote is-layout-flow wp-block-quote-is-layout-flow\">\n\n<p>Companhia de Miniaturas XYZ was founded in 1971, and has been providing quality miniatures to the public ever since. Located in the city of Itu, XYZ employs over 2,000 people and does great things for the city's community.<\/p>\n\n<\/blockquote>\n\n\n\n<p>As a new WordPress user, you should go to <a href=\"http:\/\/taipe.test\/cms\/wp-admin\/\">panel<\/a> to delete this page and create new pages for your content. Have fun!<\/p>","protected":false},"excerpt":{"rendered":"<p>This is a sample page. It's different from a blog post because it [...]<\/p>","protected":false},"author":1,"featured_media":20,"parent":0,"menu_order":0,"comment_status":"closed","ping_status":"open","template":"page-home.php","meta":{"footnotes":""},"class_list":["post-2","page","type-page","status-publish","has-post-thumbnail","hentry"],"yoast_head":"<!-- This site is optimized with the Yoast SEO plugin v26.8 - https:\/\/yoast.com\/product\/yoast-seo-wordpress\/ -->\n<title>Ta\u00edpe Trancoso | Empreendimento Imobili\u00e1rio de Luxo na Bahia<\/title>\n<meta name=\"description\" content=\"Empreendimento residencial de alto padr\u00e3o em Trancoso. Sofistica\u00e7\u00e3o, bem-estar, com paisagem preservada e arquitetura integrada \u00e0 natureza na Praia de Ta\u00edpe.\" \/>\n<meta name=\"robots\" content=\"index, follow, max-snippet:-1, max-image-preview:large, max-video-preview:-1\" \/>\n<link rel=\"canonical\" href=\"https:\/\/www.trancosotaipe.com\/en\/\" \/>\n<meta property=\"og:locale\" content=\"en_US\" \/>\n<meta property=\"og:type\" content=\"article\" \/>\n<meta property=\"og:title\" content=\"Ta\u00edpe Trancoso | Empreendimento Imobili\u00e1rio de Luxo na Bahia\" \/>\n<meta property=\"og:description\" content=\"Empreendimento residencial de alto padr\u00e3o em Trancoso. Sofistica\u00e7\u00e3o, bem-estar, com paisagem preservada e arquitetura integrada \u00e0 natureza na Praia de Ta\u00edpe.\" \/>\n<meta property=\"og:url\" content=\"https:\/\/www.trancosotaipe.com\/en\/\" \/>\n<meta property=\"og:site_name\" content=\"Taipe Trancoso\" \/>\n<meta property=\"article:publisher\" content=\"https:\/\/www.instagram.com\/taipetrancoso\/\" \/>\n<meta property=\"article:modified_time\" content=\"2026-01-22T00:31:23+00:00\" \/>\n<meta property=\"og:image\" content=\"https:\/\/www.trancosotaipe.com\/cms\/wp-content\/uploads\/2026\/01\/taipe-trancoso-bahia.webp\" \/>\n\t<meta property=\"og:image:width\" content=\"1200\" \/>\n\t<meta property=\"og:image:height\" content=\"675\" \/>\n\t<meta property=\"og:image:type\" content=\"image\/webp\" \/>\n<meta name=\"twitter:card\" content=\"summary_large_image\" \/>\n<meta name=\"twitter:label1\" content=\"Est. reading time\" \/>\n\t<meta name=\"twitter:data1\" content=\"1 minute\" \/>\n<script type=\"application\/ld+json\" class=\"yoast-schema-graph\">{\"@context\":\"https:\/\/schema.org\",\"@graph\":[{\"@type\":\"WebPage\",\"@id\":\"https:\/\/www.trancosotaipe.com\/\",\"url\":\"https:\/\/www.trancosotaipe.com\/\",\"name\":\"Ta\u00edpe Trancoso | Empreendimento Imobili\u00e1rio de Luxo na Bahia\",\"isPartOf\":{\"@id\":\"https:\/\/www.trancosotaipe.com\/#website\"},\"primaryImageOfPage\":{\"@id\":\"https:\/\/www.trancosotaipe.com\/#primaryimage\"},\"image\":{\"@id\":\"https:\/\/www.trancosotaipe.com\/#primaryimage\"},\"thumbnailUrl\":\"https:\/\/www.trancosotaipe.com\/cms\/wp-content\/uploads\/2026\/01\/taipe-trancoso-bahia.webp\",\"datePublished\":\"2025-12-06T04:04:33+00:00\",\"dateModified\":\"2026-01-22T00:31:23+00:00\",\"description\":\"Empreendimento residencial de alto padr\u00e3o em Trancoso. Sofistica\u00e7\u00e3o, bem-estar, com paisagem preservada e arquitetura integrada \u00e0 natureza na Praia de Ta\u00edpe.\",\"breadcrumb\":{\"@id\":\"https:\/\/www.trancosotaipe.com\/#breadcrumb\"},\"inLanguage\":\"en-US\",\"potentialAction\":[{\"@type\":\"ReadAction\",\"target\":[\"https:\/\/www.trancosotaipe.com\/\"]}]},{\"@type\":\"ImageObject\",\"inLanguage\":\"en-US\",\"@id\":\"https:\/\/www.trancosotaipe.com\/#primaryimage\",\"url\":\"https:\/\/www.trancosotaipe.com\/cms\/wp-content\/uploads\/2026\/01\/taipe-trancoso-bahia.webp\",\"contentUrl\":\"https:\/\/www.trancosotaipe.com\/cms\/wp-content\/uploads\/2026\/01\/taipe-trancoso-bahia.webp\",\"width\":1200,\"height\":675,\"caption\":\"Ta\u00edpe Trancoso - Bahia\"},{\"@type\":\"BreadcrumbList\",\"@id\":\"https:\/\/www.trancosotaipe.com\/#breadcrumb\",\"itemListElement\":[{\"@type\":\"ListItem\",\"position\":1,\"name\":\"In\u00edcio\",\"item\":\"https:\/\/www.trancosotaipe.com\/\"},{\"@type\":\"ListItem\",\"position\":2,\"name\":\"Home\"}]},{\"@type\":\"WebSite\",\"@id\":\"https:\/\/www.trancosotaipe.com\/#website\",\"url\":\"https:\/\/www.trancosotaipe.com\/\",\"name\":\"Ta\u00edpe Trancoso\",\"description\":\"Portal oficial do empreendimento Ta\u00edpe Trancoso, oferecendo informa\u00e7\u00f5es sobre vilas residenciais de alto padr\u00e3o na Bahia.\",\"publisher\":{\"@id\":\"https:\/\/www.trancosotaipe.com\/#organization\"},\"alternateName\":\"Ta\u00edpe\",\"potentialAction\":[{\"@type\":\"SearchAction\",\"target\":{\"@type\":\"EntryPoint\",\"urlTemplate\":\"https:\/\/www.trancosotaipe.com\/?s={search_term_string}\"},\"query-input\":{\"@type\":\"PropertyValueSpecification\",\"valueRequired\":true,\"valueName\":\"search_term_string\"}}],\"inLanguage\":\"en-US\"},{\"@type\":\"Organization\",\"@id\":\"https:\/\/www.trancosotaipe.com\/#organization\",\"name\":\"Ta\u00edpe Trancoso\",\"alternateName\":\"Ta\u00edpe\",\"url\":\"https:\/\/www.trancosotaipe.com\/\",\"logo\":{\"@type\":\"ImageObject\",\"inLanguage\":\"en-US\",\"@id\":\"https:\/\/www.trancosotaipe.com\/#\/schema\/logo\/image\/\",\"url\":\"https:\/\/www.trancosotaipe.com\/cms\/wp-content\/uploads\/2026\/01\/taipe-trancoso-bahia.webp\",\"contentUrl\":\"https:\/\/www.trancosotaipe.com\/cms\/wp-content\/uploads\/2026\/01\/taipe-trancoso-bahia.webp\",\"width\":1200,\"height\":675,\"caption\":\"Ta\u00edpe Trancoso\"},\"image\":{\"@id\":\"https:\/\/www.trancosotaipe.com\/#\/schema\/logo\/image\/\"},\"sameAs\":[\"https:\/\/www.instagram.com\/taipetrancoso\/\"]}]}<\/script>\n<!-- \/ Yoast SEO plugin. -->","yoast_head_json":{"title":"Ta\u00edpe Trancoso | Empreendimento Imobili\u00e1rio de Luxo na Bahia","description":"Empreendimento residencial de alto padr\u00e3o em Trancoso. Sofistica\u00e7\u00e3o, bem-estar, com paisagem preservada e arquitetura integrada \u00e0 natureza na Praia de Ta\u00edpe.","robots":{"index":"index","follow":"follow","max-snippet":"max-snippet:-1","max-image-preview":"max-image-preview:large","max-video-preview":"max-video-preview:-1"},"canonical":"https:\/\/www.trancosotaipe.com\/en\/","og_locale":"en_US","og_type":"article","og_title":"Ta\u00edpe Trancoso | Empreendimento Imobili\u00e1rio de Luxo na Bahia","og_description":"Empreendimento residencial de alto padr\u00e3o em Trancoso. Sofistica\u00e7\u00e3o, bem-estar, com paisagem preservada e arquitetura integrada \u00e0 natureza na Praia de Ta\u00edpe.","og_url":"https:\/\/www.trancosotaipe.com\/en\/","og_site_name":"Taipe Trancoso","article_publisher":"https:\/\/www.instagram.com\/taipetrancoso\/","article_modified_time":"2026-01-22T00:31:23+00:00","og_image":[{"width":1200,"height":675,"url":"https:\/\/www.trancosotaipe.com\/cms\/wp-content\/uploads\/2026\/01\/taipe-trancoso-bahia.webp","type":"image\/webp"}],"twitter_card":"summary_large_image","twitter_misc":{"Est. reading time":"1 minute"},"schema":{"@context":"https:\/\/schema.org","@graph":[{"@type":"WebPage","@id":"https:\/\/www.trancosotaipe.com\/","url":"https:\/\/www.trancosotaipe.com\/","name":"Ta\u00edpe Trancoso | Empreendimento Imobili\u00e1rio de Luxo na Bahia","isPartOf":{"@id":"https:\/\/www.trancosotaipe.com\/#website"},"primaryImageOfPage":{"@id":"https:\/\/www.trancosotaipe.com\/#primaryimage"},"image":{"@id":"https:\/\/www.trancosotaipe.com\/#primaryimage"},"thumbnailUrl":"https:\/\/www.trancosotaipe.com\/cms\/wp-content\/uploads\/2026\/01\/taipe-trancoso-bahia.webp","datePublished":"2025-12-06T04:04:33+00:00","dateModified":"2026-01-22T00:31:23+00:00","description":"Empreendimento residencial de alto padr\u00e3o em Trancoso. Sofistica\u00e7\u00e3o, bem-estar, com paisagem preservada e arquitetura integrada \u00e0 natureza na Praia de Ta\u00edpe.","breadcrumb":{"@id":"https:\/\/www.trancosotaipe.com\/#breadcrumb"},"inLanguage":"en-US","potentialAction":[{"@type":"ReadAction","target":["https:\/\/www.trancosotaipe.com\/"]}]},{"@type":"ImageObject","inLanguage":"en-US","@id":"https:\/\/www.trancosotaipe.com\/#primaryimage","url":"https:\/\/www.trancosotaipe.com\/cms\/wp-content\/uploads\/2026\/01\/taipe-trancoso-bahia.webp","contentUrl":"https:\/\/www.trancosotaipe.com\/cms\/wp-content\/uploads\/2026\/01\/taipe-trancoso-bahia.webp","width":1200,"height":675,"caption":"Ta\u00edpe Trancoso - Bahia"},{"@type":"BreadcrumbList","@id":"https:\/\/www.trancosotaipe.com\/#breadcrumb","itemListElement":[{"@type":"ListItem","position":1,"name":"In\u00edcio","item":"https:\/\/www.trancosotaipe.com\/"},{"@type":"ListItem","position":2,"name":"Home"}]},{"@type":"WebSite","@id":"https:\/\/www.trancosotaipe.com\/#website","url":"https:\/\/www.trancosotaipe.com\/","name":"Ta\u00edpe Trancoso","description":"Portal oficial do empreendimento Ta\u00edpe Trancoso, oferecendo informa\u00e7\u00f5es sobre vilas residenciais de alto padr\u00e3o na Bahia.","publisher":{"@id":"https:\/\/www.trancosotaipe.com\/#organization"},"alternateName":"Ta\u00edpe","potentialAction":[{"@type":"SearchAction","target":{"@type":"EntryPoint","urlTemplate":"https:\/\/www.trancosotaipe.com\/?s={search_term_string}"},"query-input":{"@type":"PropertyValueSpecification","valueRequired":true,"valueName":"search_term_string"}}],"inLanguage":"en-US"},{"@type":"Organization","@id":"https:\/\/www.trancosotaipe.com\/#organization","name":"Ta\u00edpe Trancoso","alternateName":"Ta\u00edpe","url":"https:\/\/www.trancosotaipe.com\/","logo":{"@type":"ImageObject","inLanguage":"en-US","@id":"https:\/\/www.trancosotaipe.com\/#\/schema\/logo\/image\/","url":"https:\/\/www.trancosotaipe.com\/cms\/wp-content\/uploads\/2026\/01\/taipe-trancoso-bahia.webp","contentUrl":"https:\/\/www.trancosotaipe.com\/cms\/wp-content\/uploads\/2026\/01\/taipe-trancoso-bahia.webp","width":1200,"height":675,"caption":"Ta\u00edpe Trancoso"},"image":{"@id":"https:\/\/www.trancosotaipe.com\/#\/schema\/logo\/image\/"},"sameAs":["https:\/\/www.instagram.com\/taipetrancoso\/"]}]}},"_links":{"self":[{"href":"https:\/\/www.trancosotaipe.com\/en\/wp-json\/wp\/v2\/pages\/2","targetHints":{"allow":["GET"]}}],"collection":[{"href":"https:\/\/www.trancosotaipe.com\/en\/wp-json\/wp\/v2\/pages"}],"about":[{"href":"https:\/\/www.trancosotaipe.com\/en\/wp-json\/wp\/v2\/types\/page"}],"author":[{"embeddable":true,"href":"https:\/\/www.trancosotaipe.com\/en\/wp-json\/wp\/v2\/users\/1"}],"replies":[{"embeddable":true,"href":"https:\/\/www.trancosotaipe.com\/en\/wp-json\/wp\/v2\/comments?post=2"}],"version-history":[{"count":2,"href":"https:\/\/www.trancosotaipe.com\/en\/wp-json\/wp\/v2\/pages\/2\/revisions"}],"predecessor-version":[{"id":7,"href":"https:\/\/www.trancosotaipe.com\/en\/wp-json\/wp\/v2\/pages\/2\/revisions\/7"}],"wp:featuredmedia":[{"embeddable":true,"href":"https:\/\/www.trancosotaipe.com\/en\/wp-json\/wp\/v2\/media\/20"}],"wp:attachment":[{"href":"https:\/\/www.trancosotaipe.com\/en\/wp-json\/wp\/v2\/media?parent=2"}],"curies":[{"name":"wp","href":"https:\/\/api.w.org\/{rel}","templated":true}]}}